{"id":1656,"date":"2023-12-14T16:26:33","date_gmt":"2023-12-14T16:26:33","guid":{"rendered":"https:\/\/layout21.com\/?page_id=1656"},"modified":"2023-12-14T17:23:56","modified_gmt":"2023-12-14T17:23:56","slug":"messistendi-disain-ja-ehitus-paring","status":"publish","type":"page","link":"https:\/\/layout21.com\/et\/messistendi-disain-ja-ehitus-paring\/","title":{"rendered":"Messistendi disain ja ehitus-paring"},"content":{"rendered":"\t\t<div data-elementor-type=\"wp-page\" data-elementor-id=\"1656\" class=\"elementor elementor-1656\" data-elementor-post-type=\"page\">\n\t\t\t\t<div class=\"elementor-element elementor-element-e3a43dc e-con-full e-flex e-con e-parent\" data-id=\"e3a43dc\" data-element_type=\"container\" data-settings=\"{&quot;background_background&quot;:&quot;classic&quot;}\">\n\t\t<div class=\"elementor-element elementor-element-b6fef0a e-con-full e-flex e-con e-child\" data-id=\"b6fef0a\" data-element_type=\"container\">\n\t\t\t\t<\/div>\n\t\t<div class=\"elementor-element elementor-element-d98f6b7 e-con-full e-flex e-con e-child\" data-id=\"d98f6b7\" data-element_type=\"container\">\n\t\t\t\t<div class=\"elementor-element elementor-element-80cf450 elementor-widget elementor-widget-heading\" data-id=\"80cf450\" data-element_type=\"widget\" data-widget_type=\"heading.default\">\n\t\t\t\t<div class=\"elementor-widget-container\">\n\t\t\t\t\t<h3 class=\"elementor-heading-title elementor-size-default\">P\u00c4RINGUVORM<\/h3>\t\t\t\t<\/div>\n\t\t\t\t<\/div>\n\t\t\t\t<div class=\"elementor-element elementor-element-463444d elementor-widget elementor-widget-text-editor\" data-id=\"463444d\" data-element_type=\"widget\" data-widget_type=\"text-editor.default\">\n\t\t\t\t<div class=\"elementor-widget-container\">\n\t\t\t\t\t\t\t\t\t<p>Parima esialgse pakkumise tegemiseks vajame \u00fclevaatlikku infot.<\/p>\t\t\t\t\t\t\t\t<\/div>\n\t\t\t\t<\/div>\n\t\t\t\t<div class=\"elementor-element elementor-element-ea8352c elementor-widget elementor-widget-wpforms\" data-id=\"ea8352c\" data-element_type=\"widget\" data-widget_type=\"wpforms.default\">\n\t\t\t\t<div class=\"elementor-widget-container\">\n\t\t\t\t\t<div class=\"wpforms-container \" id=\"wpforms-1514\"><form id=\"wpforms-form-1514\" class=\"wpforms-validate wpforms-form wpforms-ajax-form\" data-formid=\"1514\" method=\"post\" enctype=\"multipart\/form-data\" action=\"\/et\/wp-json\/wp\/v2\/pages\/1656?wpforms_form_id=1514\" data-token=\"69320cbf1e7e35aa14eb647aa71d1713\" data-token-time=\"1775258660\"><noscript class=\"wpforms-error-noscript\">Please enable JavaScript in your browser to complete this form.<\/noscript><div class=\"wpforms-field-container\"><div id=\"wpforms-1514-field_27-container\" class=\"wpforms-field wpforms-field-layout\" data-field-id=\"27\"><div class=\"wpforms-field-layout-columns wpforms-field-layout-preset-50-50\"><div class=\"wpforms-layout-column wpforms-layout-column-50\" ><div id=\"wpforms-1514-field_13-container\" class=\"wpforms-field wpforms-field-name\" data-field-id=\"13\"><label class=\"wpforms-field-label\" for=\"wpforms-1514-field_13\">Nimi. <span class=\"wpforms-required-label\">*<\/span><\/label><input type=\"text\" id=\"wpforms-1514-field_13\" class=\"wpforms-field-large wpforms-field-required\" name=\"wpforms[fields][13]\" required><\/div><div id=\"wpforms-1514-field_26-container\" class=\"wpforms-field wpforms-field-text\" data-field-id=\"26\"><label class=\"wpforms-field-label\" for=\"wpforms-1514-field_26\">Ettev\u00f5tte nimi<\/label><input type=\"text\" id=\"wpforms-1514-field_26\" class=\"wpforms-field-large\" name=\"wpforms[fields][26]\" ><\/div><\/div><div class=\"wpforms-layout-column wpforms-layout-column-50\" ><div id=\"wpforms-1514-field_14-container\" class=\"wpforms-field wpforms-field-email\" data-field-id=\"14\"><label class=\"wpforms-field-label\" for=\"wpforms-1514-field_14\">Email. <span class=\"wpforms-required-label\">*<\/span><\/label><input type=\"email\" id=\"wpforms-1514-field_14\" class=\"wpforms-field-large wpforms-field-required\" name=\"wpforms[fields][14]\" spellcheck=\"false\" required><\/div><\/div><\/div><\/div><div id=\"wpforms-1514-field_23-container\" class=\"wpforms-field wpforms-field-text\" data-field-id=\"23\"><label class=\"wpforms-field-label\" for=\"wpforms-1514-field_23\">Kirjelda, milline v\u00f5iks stend Sinu m\u00f5ttes v\u00e4lja n\u00e4ha, mis on tooted, mida planeerite presenteerida? Kui suur oleks vajalik ala.<\/label><input type=\"text\" id=\"wpforms-1514-field_23\" class=\"wpforms-field-large\" name=\"wpforms[fields][23]\" ><\/div><div id=\"wpforms-1514-field_25-container\" class=\"wpforms-field wpforms-field-text\" data-field-id=\"25\"><label class=\"wpforms-field-label\" for=\"wpforms-1514-field_25\">Kas vajate abi ka korralduslikus pooles? Olete varem messil osalenud?<\/label><input type=\"text\" id=\"wpforms-1514-field_25\" class=\"wpforms-field-large\" name=\"wpforms[fields][25]\" ><\/div><div id=\"wpforms-1514-field_28-container\" class=\"wpforms-field wpforms-field-file-upload\" data-field-id=\"28\"><label class=\"wpforms-field-label\" for=\"wpforms-1514-field_28\">Lisa oma ettev\u00f5tte CVI v\u00f5i brand book siia ja kui on siis messikeskuse p\u00f5randaplaan koos oma asukohaga.<\/label><div\n\t\tclass=\"wpforms-uploader \"\n\t\tdata-field-id=\"28\"\n\t\tdata-form-id=\"1514\"\n\t\tdata-input-name=\"wpforms_1514_28\"\n\t\tdata-extensions=\"jpg,jpeg,jpe,gif,png,bmp,tiff,tif,webp,avif,ico,heic,heif,heics,heifs,asf,asx,wmv,wmx,wm,avi,divx,mov,qt,mpeg,mpg,mpe,mp4,m4v,ogv,webm,mkv,3gp,3gpp,3g2,3gp2,txt,asc,c,cc,h,srt,csv,tsv,ics,rtx,css,vtt,mp3,m4a,m4b,aac,ra,ram,wav,x-wav,ogg,oga,flac,mid,midi,wma,wax,mka,rtf,pdf,class,tar,zip,gz,gzip,rar,7z,psd,xcf,doc,pot,pps,ppt,wri,xla,xls,xlt,xlw,mpp,docx,docm,dotx,dotm,xlsx,xlsm,xlsb,xltx,xltm,xlam,pptx,pptm,ppsx,ppsm,potx,potm,ppam,sldx,sldm,onetoc,onetoc2,onepkg,oxps,xps,odt,odp,ods,odg,odc,odb,odf,wp,wpd,key,numbers,pages,json\"\n\t\tdata-max-size=\"2146435072\"\n\t\tdata-max-file-number=\"5\"\n\t\tdata-post-max-size=\"2146435072\"\n\t\tdata-max-parallel-uploads=\"4\"\n\t\tdata-parallel-uploads=\"true\"\n\t\tdata-file-chunk-size=\"2097152\">\n\t<div class=\"dz-message\">\n\t\t<svg  viewBox=\"0 0 640 640\" focusable=\"false\" data-icon=\"inbox\" width=\"50px\" height=\"50px\" fill=\"currentColor\" aria-hidden=\"true\">\n\t\t\t<path d=\"M352 173.3L352 384C352 401.7 337.7 416 320 416C302.3 416 288 401.7 288 384L288 173.3L246.6 214.7C234.1 227.2 213.8 227.2 201.3 214.7C188.8 202.2 188.8 181.9 201.3 169.4L297.3 73.4C309.8 60.9 330.1 60.9 342.6 73.4L438.6 169.4C451.1 181.9 451.1 202.2 438.6 214.7C426.1 227.2 405.8 227.2 393.3 214.7L352 173.3zM320 464C364.2 464 400 428.2 400 384L480 384C515.3 384 544 412.7 544 448L544 480C544 515.3 515.3 544 480 544L160 544C124.7 544 96 515.3 96 480L96 448C96 412.7 124.7 384 160 384L240 384C240 428.2 275.8 464 320 464zM464 488C477.3 488 488 477.3 488 464C488 450.7 477.3 440 464 440C450.7 440 440 450.7 440 464C440 477.3 450.7 488 464 488z\"\/>\n\t\t<\/svg>\n\n\t\t<span class=\"modern-title\">\n\t\t\t\t\t\t\tDrag &amp; Drop Files, \t\t\t\t<span>Choose Files to Upload<\/span>\n\t\t\t\t\t<\/span>\n\n\t\t\t\t\t<span class=\"modern-hint\">You can upload up to 5 files.<\/span>\n\t\t\t<\/div>\n<\/div>\n\n<input\n\t\ttype=\"text\"\n\t\tautocomplete=\"off\"\n\t\treadonly\n\t\tclass=\"dropzone-input\"\n\t\tstyle=\"position:absolute!important;clip:rect(0,0,0,0)!important;height:1px!important;width:1px!important;border:0!important;overflow:hidden!important;padding:0!important;margin:0!important;\"\n\t\tid=\"wpforms-1514-field_28\"\n\t\tname=\"wpforms_1514_28\" \t\tvalue=\"\">\n<\/div><div id=\"wpforms-1514-field_22-container\" class=\"wpforms-field wpforms-field-text\" data-field-id=\"22\"><label class=\"wpforms-field-label\" for=\"wpforms-1514-field_22\">Lisainfo.<\/label><input type=\"text\" id=\"wpforms-1514-field_22\" class=\"wpforms-field-large\" name=\"wpforms[fields][22]\" ><div class=\"wpforms-field-description\">(Kirjuta siia mida soovid messil presenteerida, kes on su potensiaalne sihtgrupp.)<\/div><\/div><\/div><!-- .wpforms-field-container --><div class=\"wpforms-submit-container\" ><input type=\"hidden\" name=\"wpforms[id]\" value=\"1514\"><input type=\"hidden\" name=\"page_title\" value=\"\"><input type=\"hidden\" name=\"page_url\" value=\"https:\/\/layout21.com\/et\/wp-json\/wp\/v2\/pages\/1656\"><input type=\"hidden\" name=\"url_referer\" value=\"\"><button type=\"submit\" name=\"wpforms[submit]\" id=\"wpforms-submit-1514\" class=\"wpforms-submit\" data-alt-text=\"Saadan...\" data-submit-text=\"Saadan p\u00e4ringu\" aria-live=\"assertive\" value=\"wpforms-submit\">Saadan p\u00e4ringu<\/button><img decoding=\"async\" src=\"https:\/\/layout21.com\/wp-content\/plugins\/wpforms\/assets\/images\/submit-spin.svg\" class=\"wpforms-submit-spinner\" style=\"display: none;\" width=\"26\" height=\"26\" alt=\"Loading\"><\/div><\/form><\/div>  <!-- .wpforms-container -->\t\t\t\t<\/div>\n\t\t\t\t<\/div>\n\t\t\t\t<\/div>\n\t\t<div class=\"elementor-element elementor-element-70a6954 e-con-full e-flex e-con e-child\" data-id=\"70a6954\" data-element_type=\"container\">\n\t\t\t\t<\/div>\n\t\t\t\t<\/div>\n\t\t<div class=\"elementor-element elementor-element-c71b382 e-con-full e-flex e-con e-parent\" data-id=\"c71b382\" data-element_type=\"container\" data-settings=\"{&quot;background_background&quot;:&quot;classic&quot;}\">\n\t\t\t\t<div class=\"elementor-element elementor-element-1402e20 elementor-widget elementor-widget-image\" data-id=\"1402e20\" data-element_type=\"widget\" data-widget_type=\"image.default\">\n\t\t\t\t<div class=\"elementor-widget-container\">\n\t\t\t\t\t\t\t\t\t\t\t\t\t\t\t<img decoding=\"async\" src=\"https:\/\/layout21.com\/wp-content\/uploads\/2023\/12\/vaartused.jpg\" title=\"v\u00e4\u00e4rtused\" alt=\"mess\" loading=\"lazy\" \/>\t\t\t\t\t\t\t\t\t\t\t\t\t\t\t<\/div>\n\t\t\t\t<\/div>\n\t\t\t\t<\/div>\n\t\t\t\t<\/div>\n\t\t","protected":false},"excerpt":{"rendered":"<p>P\u00c4RINGUVORM Parima esialgse pakkumise tegemiseks vajame \u00fclevaatlikku infot. Please enable JavaScript in your browser to complete this form.Nimi. *Email. *Messi asukoht ja toimumise kuup\u00e4evad.Messiboksi m\u00f5\u00f5dud: pikkus x laius x k\u00f5rgus (mm).P\u00f5rand.Alusvaip + vaipkateT\u00f5stetud p\u00f5rand 120mm + vaipkateT\u00f5stetud p\u00f5rand 120mm + laminaatparkettSeinad.R\u00e4\u00e4gi meile oma m\u00f5tetest. (Mitu seina? V\u00e4rvitud, kangaga kaetud, s\u00f5restiksein, vaheseinad, taimekastid, jne.)Moodulkapid (M\u00fc\u00fcgilett, kohvinurk, [&hellip;]<\/p>\n","protected":false},"author":1,"featured_media":0,"parent":0,"menu_order":0,"comment_status":"closed","ping_status":"closed","template":"","meta":{"site-sidebar-layout":"no-sidebar","site-content-layout":"page-builder","ast-site-content-layout":"full-width-container","site-content-style":"default","site-sidebar-style":"default","ast-global-header-display":"","ast-banner-title-visibility":"","ast-main-header-display":"","ast-hfb-above-header-display":"","ast-hfb-below-header-display":"","ast-hfb-mobile-header-display":"","site-post-title":"disabled","ast-breadcrumbs-content":"","ast-featured-img":"disabled","footer-sml-layout":"","theme-transparent-header-meta":"","adv-header-id-meta":"","stick-header-meta":"","header-above-stick-meta":"","header-main-stick-meta":"","header-below-stick-meta":"","astra-migrate-meta-layouts":"set","ast-page-background-enabled":"default","ast-page-background-meta":{"desktop":{"background-color":"","background-image":"","background-repeat":"repeat","background-position":"center center","background-size":"auto","background-attachment":"scroll","background-type":"","background-media":"","overlay-type":"","overlay-color":"","overlay-opacity":"","overlay-gradient":""},"tablet":{"background-color":"","background-image":"","background-repeat":"repeat","background-position":"center center","background-size":"auto","background-attachment":"scroll","background-type":"","background-media":"","overlay-type":"","overlay-color":"","overlay-opacity":"","overlay-gradient":""},"mobile":{"background-color":"","background-image":"","background-repeat":"repeat","background-position":"center center","background-size":"auto","background-attachment":"scroll","background-type":"","background-media":"","overlay-type":"","overlay-color":"","overlay-opacity":"","overlay-gradient":""}},"ast-content-background-meta":{"desktop":{"background-color":"var(--ast-global-color-5)","background-image":"","background-repeat":"repeat","background-position":"center center","background-size":"auto","background-attachment":"scroll","background-type":"","background-media":"","overlay-type":"","overlay-color":"","overlay-opacity":"","overlay-gradient":""},"tablet":{"background-color":"var(--ast-global-color-5)","background-image":"","background-repeat":"repeat","background-position":"center center","background-size":"auto","background-attachment":"scroll","background-type":"","background-media":"","overlay-type":"","overlay-color":"","overlay-opacity":"","overlay-gradient":""},"mobile":{"background-color":"var(--ast-global-color-5)","background-image":"","background-repeat":"repeat","background-position":"center center","background-size":"auto","background-attachment":"scroll","background-type":"","background-media":"","overlay-type":"","overlay-color":"","overlay-opacity":"","overlay-gradient":""}},"footnotes":""},"class_list":["post-1656","page","type-page","status-publish","hentry"],"yoast_head":"<!-- This site is optimized with the Yoast SEO plugin v26.2 - https:\/\/yoast.com\/wordpress\/plugins\/seo\/ -->\n<title>Messistendi disain ja ehitus-paring -<\/title>\n<meta name=\"robots\" content=\"index, follow, max-snippet:-1, max-image-preview:large, max-video-preview:-1\" \/>\n<link rel=\"canonical\" href=\"https:\/\/layout21.com\/et\/messistendi-disain-ja-ehitus-paring\/\" \/>\n<meta property=\"og:locale\" content=\"et_EE\" \/>\n<meta property=\"og:type\" content=\"article\" \/>\n<meta property=\"og:title\" content=\"Messistendi disain ja ehitus-paring -\" \/>\n<meta property=\"og:description\" content=\"P\u00c4RINGUVORM Parima esialgse pakkumise tegemiseks vajame \u00fclevaatlikku infot. Please enable JavaScript in your browser to complete this form.Nimi. *Email. *Messi asukoht ja toimumise kuup\u00e4evad.Messiboksi m\u00f5\u00f5dud: pikkus x laius x k\u00f5rgus (mm).P\u00f5rand.Alusvaip + vaipkateT\u00f5stetud p\u00f5rand 120mm + vaipkateT\u00f5stetud p\u00f5rand 120mm + laminaatparkettSeinad.R\u00e4\u00e4gi meile oma m\u00f5tetest. (Mitu seina? V\u00e4rvitud, kangaga kaetud, s\u00f5restiksein, vaheseinad, taimekastid, jne.)Moodulkapid (M\u00fc\u00fcgilett, kohvinurk, [&hellip;]\" \/>\n<meta property=\"og:url\" content=\"https:\/\/layout21.com\/et\/messistendi-disain-ja-ehitus-paring\/\" \/>\n<meta property=\"article:modified_time\" content=\"2023-12-14T17:23:56+00:00\" \/>\n<meta property=\"og:image\" content=\"https:\/\/layout21.com\/wp-content\/plugins\/wpforms-lite\/assets\/images\/submit-spin.svg\" \/>\n<meta name=\"twitter:card\" content=\"summary_large_image\" \/>\n<meta name=\"twitter:label1\" content=\"Est. reading time\" \/>\n\t<meta name=\"twitter:data1\" content=\"1 minut\" \/>\n<script type=\"application\/ld+json\" class=\"yoast-schema-graph\">{\"@context\":\"https:\/\/schema.org\",\"@graph\":[{\"@type\":\"WebPage\",\"@id\":\"https:\/\/layout21.com\/et\/messistendi-disain-ja-ehitus-paring\/\",\"url\":\"https:\/\/layout21.com\/et\/messistendi-disain-ja-ehitus-paring\/\",\"name\":\"Messistendi disain ja ehitus-paring -\",\"isPartOf\":{\"@id\":\"https:\/\/layout21.com\/#website\"},\"primaryImageOfPage\":{\"@id\":\"https:\/\/layout21.com\/et\/messistendi-disain-ja-ehitus-paring\/#primaryimage\"},\"image\":{\"@id\":\"https:\/\/layout21.com\/et\/messistendi-disain-ja-ehitus-paring\/#primaryimage\"},\"thumbnailUrl\":\"https:\/\/layout21.com\/wp-content\/plugins\/wpforms-lite\/assets\/images\/submit-spin.svg\",\"datePublished\":\"2023-12-14T16:26:33+00:00\",\"dateModified\":\"2023-12-14T17:23:56+00:00\",\"breadcrumb\":{\"@id\":\"https:\/\/layout21.com\/et\/messistendi-disain-ja-ehitus-paring\/#breadcrumb\"},\"inLanguage\":\"et\",\"potentialAction\":[{\"@type\":\"ReadAction\",\"target\":[\"https:\/\/layout21.com\/et\/messistendi-disain-ja-ehitus-paring\/\"]}]},{\"@type\":\"ImageObject\",\"inLanguage\":\"et\",\"@id\":\"https:\/\/layout21.com\/et\/messistendi-disain-ja-ehitus-paring\/#primaryimage\",\"url\":\"https:\/\/layout21.com\/wp-content\/plugins\/wpforms-lite\/assets\/images\/submit-spin.svg\",\"contentUrl\":\"https:\/\/layout21.com\/wp-content\/plugins\/wpforms-lite\/assets\/images\/submit-spin.svg\"},{\"@type\":\"BreadcrumbList\",\"@id\":\"https:\/\/layout21.com\/et\/messistendi-disain-ja-ehitus-paring\/#breadcrumb\",\"itemListElement\":[{\"@type\":\"ListItem\",\"position\":1,\"name\":\"Home\",\"item\":\"https:\/\/layout21.com\/et\/\"},{\"@type\":\"ListItem\",\"position\":2,\"name\":\"Messistendi disain ja ehitus-paring\"}]},{\"@type\":\"WebSite\",\"@id\":\"https:\/\/layout21.com\/#website\",\"url\":\"https:\/\/layout21.com\/\",\"name\":\"Layout21\",\"description\":\"\",\"publisher\":{\"@id\":\"https:\/\/layout21.com\/#organization\"},\"potentialAction\":[{\"@type\":\"SearchAction\",\"target\":{\"@type\":\"EntryPoint\",\"urlTemplate\":\"https:\/\/layout21.com\/?s={search_term_string}\"},\"query-input\":{\"@type\":\"PropertyValueSpecification\",\"valueRequired\":true,\"valueName\":\"search_term_string\"}}],\"inLanguage\":\"et\"},{\"@type\":\"Organization\",\"@id\":\"https:\/\/layout21.com\/#organization\",\"name\":\"Layout 21\",\"url\":\"https:\/\/layout21.com\/\",\"logo\":{\"@type\":\"ImageObject\",\"inLanguage\":\"et\",\"@id\":\"https:\/\/layout21.com\/#\/schema\/logo\/image\/\",\"url\":\"https:\/\/layout21.com\/wp-content\/uploads\/2023\/12\/Layout_logo_text.png\",\"contentUrl\":\"https:\/\/layout21.com\/wp-content\/uploads\/2023\/12\/Layout_logo_text.png\",\"width\":963,\"height\":517,\"caption\":\"Layout 21\"},\"image\":{\"@id\":\"https:\/\/layout21.com\/#\/schema\/logo\/image\/\"},\"sameAs\":[\"https:\/\/www.linkedin.com\/company\/109102972\/admin\/dashboard\/\"]}]}<\/script>\n<!-- \/ Yoast SEO plugin. -->","yoast_head_json":{"title":"Messistendi disain ja ehitus-paring -","robots":{"index":"index","follow":"follow","max-snippet":"max-snippet:-1","max-image-preview":"max-image-preview:large","max-video-preview":"max-video-preview:-1"},"canonical":"https:\/\/layout21.com\/et\/messistendi-disain-ja-ehitus-paring\/","og_locale":"et_EE","og_type":"article","og_title":"Messistendi disain ja ehitus-paring -","og_description":"P\u00c4RINGUVORM Parima esialgse pakkumise tegemiseks vajame \u00fclevaatlikku infot. Please enable JavaScript in your browser to complete this form.Nimi. *Email. *Messi asukoht ja toimumise kuup\u00e4evad.Messiboksi m\u00f5\u00f5dud: pikkus x laius x k\u00f5rgus (mm).P\u00f5rand.Alusvaip + vaipkateT\u00f5stetud p\u00f5rand 120mm + vaipkateT\u00f5stetud p\u00f5rand 120mm + laminaatparkettSeinad.R\u00e4\u00e4gi meile oma m\u00f5tetest. (Mitu seina? V\u00e4rvitud, kangaga kaetud, s\u00f5restiksein, vaheseinad, taimekastid, jne.)Moodulkapid (M\u00fc\u00fcgilett, kohvinurk, [&hellip;]","og_url":"https:\/\/layout21.com\/et\/messistendi-disain-ja-ehitus-paring\/","article_modified_time":"2023-12-14T17:23:56+00:00","og_image":[{"url":"https:\/\/layout21.com\/wp-content\/plugins\/wpforms-lite\/assets\/images\/submit-spin.svg","type":"","width":"","height":""}],"twitter_card":"summary_large_image","twitter_misc":{"Est. reading time":"1 minut"},"schema":{"@context":"https:\/\/schema.org","@graph":[{"@type":"WebPage","@id":"https:\/\/layout21.com\/et\/messistendi-disain-ja-ehitus-paring\/","url":"https:\/\/layout21.com\/et\/messistendi-disain-ja-ehitus-paring\/","name":"Messistendi disain ja ehitus-paring -","isPartOf":{"@id":"https:\/\/layout21.com\/#website"},"primaryImageOfPage":{"@id":"https:\/\/layout21.com\/et\/messistendi-disain-ja-ehitus-paring\/#primaryimage"},"image":{"@id":"https:\/\/layout21.com\/et\/messistendi-disain-ja-ehitus-paring\/#primaryimage"},"thumbnailUrl":"https:\/\/layout21.com\/wp-content\/plugins\/wpforms-lite\/assets\/images\/submit-spin.svg","datePublished":"2023-12-14T16:26:33+00:00","dateModified":"2023-12-14T17:23:56+00:00","breadcrumb":{"@id":"https:\/\/layout21.com\/et\/messistendi-disain-ja-ehitus-paring\/#breadcrumb"},"inLanguage":"et","potentialAction":[{"@type":"ReadAction","target":["https:\/\/layout21.com\/et\/messistendi-disain-ja-ehitus-paring\/"]}]},{"@type":"ImageObject","inLanguage":"et","@id":"https:\/\/layout21.com\/et\/messistendi-disain-ja-ehitus-paring\/#primaryimage","url":"https:\/\/layout21.com\/wp-content\/plugins\/wpforms-lite\/assets\/images\/submit-spin.svg","contentUrl":"https:\/\/layout21.com\/wp-content\/plugins\/wpforms-lite\/assets\/images\/submit-spin.svg"},{"@type":"BreadcrumbList","@id":"https:\/\/layout21.com\/et\/messistendi-disain-ja-ehitus-paring\/#breadcrumb","itemListElement":[{"@type":"ListItem","position":1,"name":"Home","item":"https:\/\/layout21.com\/et\/"},{"@type":"ListItem","position":2,"name":"Messistendi disain ja ehitus-paring"}]},{"@type":"WebSite","@id":"https:\/\/layout21.com\/#website","url":"https:\/\/layout21.com\/","name":"Layout21","description":"","publisher":{"@id":"https:\/\/layout21.com\/#organization"},"potentialAction":[{"@type":"SearchAction","target":{"@type":"EntryPoint","urlTemplate":"https:\/\/layout21.com\/?s={search_term_string}"},"query-input":{"@type":"PropertyValueSpecification","valueRequired":true,"valueName":"search_term_string"}}],"inLanguage":"et"},{"@type":"Organization","@id":"https:\/\/layout21.com\/#organization","name":"Layout 21","url":"https:\/\/layout21.com\/","logo":{"@type":"ImageObject","inLanguage":"et","@id":"https:\/\/layout21.com\/#\/schema\/logo\/image\/","url":"https:\/\/layout21.com\/wp-content\/uploads\/2023\/12\/Layout_logo_text.png","contentUrl":"https:\/\/layout21.com\/wp-content\/uploads\/2023\/12\/Layout_logo_text.png","width":963,"height":517,"caption":"Layout 21"},"image":{"@id":"https:\/\/layout21.com\/#\/schema\/logo\/image\/"},"sameAs":["https:\/\/www.linkedin.com\/company\/109102972\/admin\/dashboard\/"]}]}},"_links":{"self":[{"href":"https:\/\/layout21.com\/et\/wp-json\/wp\/v2\/pages\/1656","targetHints":{"allow":["GET"]}}],"collection":[{"href":"https:\/\/layout21.com\/et\/wp-json\/wp\/v2\/pages"}],"about":[{"href":"https:\/\/layout21.com\/et\/wp-json\/wp\/v2\/types\/page"}],"author":[{"embeddable":true,"href":"https:\/\/layout21.com\/et\/wp-json\/wp\/v2\/users\/1"}],"replies":[{"embeddable":true,"href":"https:\/\/layout21.com\/et\/wp-json\/wp\/v2\/comments?post=1656"}],"version-history":[{"count":8,"href":"https:\/\/layout21.com\/et\/wp-json\/wp\/v2\/pages\/1656\/revisions"}],"predecessor-version":[{"id":1697,"href":"https:\/\/layout21.com\/et\/wp-json\/wp\/v2\/pages\/1656\/revisions\/1697"}],"wp:attachment":[{"href":"https:\/\/layout21.com\/et\/wp-json\/wp\/v2\/media?parent=1656"}],"curies":[{"name":"wp","href":"https:\/\/api.w.org\/{rel}","templated":true}]}}